{"id":5,"date":"2022-10-04T11:49:55","date_gmt":"2022-10-04T09:49:55","guid":{"rendered":"http:\/\/lesateliersderohaire.com\/?page_id=5"},"modified":"2025-10-02T18:21:51","modified_gmt":"2025-10-02T16:21:51","slug":"accueil","status":"publish","type":"page","link":"https:\/\/lesateliersderohaire.com\/","title":{"rendered":"ACCUEIL &#8211; CONTACT"},"content":{"rendered":"\n<figure class=\"wp-block-gallery has-nested-images columns-default is-cropped wp-block-gallery-1 is-layout-flex wp-block-gallery-is-layout-flex\">\n<figure class=\"wp-block-image size-large is-resized\"><img loading=\"lazy\" decoding=\"async\" width=\"933\" height=\"1024\" data-id=\"95\" src=\"https:\/\/lesateliersderohaire.com\/wp-content\/uploads\/2022\/09\/image-23-933x1024.png\" alt=\"\" class=\"wp-image-95\" style=\"aspect-ratio:0.910394265232975;width:254px;height:auto\" srcset=\"https:\/\/lesateliersderohaire.com\/wp-content\/uploads\/2022\/09\/image-23-933x1024.png 933w, https:\/\/lesateliersderohaire.com\/wp-content\/uploads\/2022\/09\/image-23-273x300.png 273w, https:\/\/lesateliersderohaire.com\/wp-content\/uploads\/2022\/09\/image-23-768x843.png 768w, https:\/\/lesateliersderohaire.com\/wp-content\/uploads\/2022\/09\/image-23-1400x1536.png 1400w, https:\/\/lesateliersderohaire.com\/wp-content\/uploads\/2022\/09\/image-23-1866x2048.png 1866w, https:\/\/lesateliersderohaire.com\/wp-content\/uploads\/2022\/09\/image-23-1568x1721.png 1568w\" sizes=\"auto, (max-width: 933px) 100vw, 933px\" \/><\/figure>\n\n\n\n<figure class=\"wp-block-image size-large\"><img loading=\"lazy\" decoding=\"async\" width=\"1024\" height=\"768\" data-id=\"78\" src=\"https:\/\/lesateliersderohaire.com\/wp-content\/uploads\/2022\/09\/image-19.png\" alt=\"\" class=\"wp-image-78\" srcset=\"https:\/\/lesateliersderohaire.com\/wp-content\/uploads\/2022\/09\/image-19.png 1024w, https:\/\/lesateliersderohaire.com\/wp-content\/uploads\/2022\/09\/image-19-300x225.png 300w, https:\/\/lesateliersderohaire.com\/wp-content\/uploads\/2022\/09\/image-19-768x576.png 768w\" sizes=\"auto, (max-width: 1024px) 100vw, 1024px\" \/><\/figure>\n<\/figure>\n\n\n\n<p class=\"has-text-align-center has-extra-large-font-size\"><\/p>\n\n\n\n<p class=\"has-text-align-center has-text-color has-link-color has-extra-large-font-size wp-elements-c2cc2db8577ad3152161f685b04810e8\" style=\"color:#c1647b\"><strong>Accompagnement<br>professionnel et personnel<\/strong><\/p>\n\n\n\n<p class=\"has-text-align-center has-normal-font-size\"><strong><em>en pr\u00e9sence ou \u00e0 distance<\/em><\/strong><br><\/p>\n\n\n\n<p><br>A travers \u00ab\u00a0Les ateliers de Rohaire\u00a0\u00bb je vous propose de travailler sur des sujets en lien direct avec une recherche de mieux-\u00eatre professionnel et\/ou personnel. Je vous pr\u00e9sente diff\u00e9rents formats afin que chacun puisse trouver ce qui lui correspond le mieux.<\/p>\n\n\n\n<p><em>Quelques exemples de th\u00e8mes qui peuvent \u00eatre abord\u00e9s selon votre recherche : gagner en confiance ; mieux se conna\u00eetre ; y voir plus clair ; valoriser ses atouts ; am\u00e9liorer une situation ; prendre du recul, faire le point ; \u00e9laborer des solutions ; mieux approcher le stress ; identifier et comprendre ses besoins ; se reconnecter \u00e0 ses envies ; retrouver du sens ; \u00e9tudier des pistes ; s&rsquo;ouvrir de nouvelles perspectives, se r\u00e9orienter ; sortir d&rsquo;une situation de souffrance ; optimiser son environnement pour pr\u00e9server son \u00e9nergie&#8230;<\/em><br><\/p>\n\n\n\n<p><\/p>\n\n\n\n<p><\/p>\n\n\n\n<p><\/p>\n\n\n\n<ul class=\"wp-block-list has-black-color has-text-color has-large-font-size\">\n<li class=\"has-red-color has-text-color has-link-color has-extra-large-font-size wp-elements-59ea75ed4f3f9edfac4e47ae26f691f3\"><strong>Num\u00e9rologie Strat\u00e9gique \u00ae<\/strong>\n<ul class=\"wp-block-list\">\n<li class=\"has-white-color has-text-color has-link-color has-large-font-size wp-elements-c13f1a36406cdcf9fec4542362f06110\"><strong>Coaching<\/strong><\/li>\n\n\n\n<li class=\"has-white-color has-text-color has-link-color has-large-font-size wp-elements-9c2eecb82fb64514948a21a814722b00\"><strong>Restitution de th\u00e8me<\/strong><\/li>\n\n\n\n<li class=\"has-white-color has-text-color has-link-color has-large-font-size wp-elements-5690338dcb55d19f3f03303fbafdb7e8\"><strong>Aide \u00e0 la d\u00e9cision<\/strong><br><br><br><\/li>\n<\/ul>\n<\/li>\n\n\n\n<li class=\"has-red-color has-text-color has-link-color has-extra-large-font-size wp-elements-f2f3ca1b536aa91d0593b982d3453a43\"><strong>Bilan de Comp\u00e9tences<\/strong>\n<ul class=\"wp-block-list\">\n<li class=\"has-white-color has-text-color has-link-color has-large-font-size wp-elements-415a9b39412a48a7e16f98b002a84fa3\"><strong>Classique (\u00e9ligible CPF)<\/strong><\/li>\n\n\n\n<li class=\"has-white-color has-text-color has-link-color has-large-font-size wp-elements-9dfe5bd2d3351da189e7a2ea8a36240d\"><strong>A la carte par modules<\/strong><br><br><br><\/li>\n<\/ul>\n<\/li>\n\n\n\n<li class=\"has-red-color has-text-color has-link-color has-extra-large-font-size wp-elements-c514003fe0bbec111b6811be3ef118e2\"><strong>Accompagnement th\u00e9matique<\/strong>\n<ul class=\"wp-block-list\">\n<li class=\"has-white-color has-text-color has-link-color has-large-font-size wp-elements-c9b59e32d811b7683320202c894eb4ca\"><strong>Connaissance de soi : <\/strong><br>&#8211; <strong>D\u00e9couvrir son profil MBTI <\/strong><br>&#8211; <strong>Clarifier ses comp\u00e9tences<\/strong><br><br><\/li>\n\n\n\n<li class=\"has-white-color has-text-color has-link-color has-large-font-size wp-elements-85ea99e8cd7abcb2acb18c72027e7200\"><strong>Connaissance de son environnement <\/strong><br><strong>(Feng Shui)<\/strong><br><br><br><\/li>\n<\/ul>\n<\/li>\n<\/ul>\n\n\n\n<p class=\"has-text-align-center has-text-color has-link-color has-extra-large-font-size wp-elements-052a91185c7dfdc1940b7f403e4494f0\" style=\"color:#c1647b\"><strong>Pour me contacter<\/strong><\/p>\n\n\n\n<p class=\"has-text-align-center has-red-background-color has-text-color has-background has-link-color has-large-font-size wp-elements-c0bec00bca5fd7e0572ec288ef5381e4\" style=\"color:#c1647b\"><strong>Armelle VANNIER<br><\/strong>Boosteuse de transition &#8211; Praticienne de mieux-\u00eatre<\/p>\n\n\n\n<p><\/p>\n\n\n<div class=\"wp-block-image is-style-rounded\">\n<figure class=\"aligncenter size-large is-resized\"><img loading=\"lazy\" decoding=\"async\" width=\"768\" height=\"1024\" src=\"https:\/\/lesateliersderohaire.com\/wp-content\/uploads\/2022\/09\/image-9-768x1024.png\" alt=\"\" class=\"wp-image-61\" style=\"width:188px;height:250px\" srcset=\"https:\/\/lesateliersderohaire.com\/wp-content\/uploads\/2022\/09\/image-9-768x1024.png 768w, https:\/\/lesateliersderohaire.com\/wp-content\/uploads\/2022\/09\/image-9-225x300.png 225w, https:\/\/lesateliersderohaire.com\/wp-content\/uploads\/2022\/09\/image-9-1152x1536.png 1152w, https:\/\/lesateliersderohaire.com\/wp-content\/uploads\/2022\/09\/image-9.png 1505w\" sizes=\"auto, (max-width: 768px) 100vw, 768px\" \/><\/figure>\n<\/div>\n\n\n<p class=\"has-text-align-center has-red-background-color has-text-color has-background has-link-color has-large-font-size wp-elements-a3c415a860038e421ac9bdc7a634edda\" style=\"color:#c1647b\"><strong><em>armelle.vannier<\/em>@gmail.com &#8211; 06.03.20.02.83<\/strong><\/p>\n\n\n\n<p class=\"has-large-font-size\"><strong>RDV en pr\u00e9sence<\/strong><br>Les ateliers de Rohaire <br>Route de Chennebrun &#8211; 28340 Rohaire<\/p>\n\n\n\n<p class=\"has-large-font-size\"><strong>RDV \u00e0 distance<\/strong><br>Via Google Meet, Skype&#8230;<\/p>\n\n\n<div class=\"wp-block-image\">\n<figure class=\"alignleft size-full is-resized\"><img loading=\"lazy\" decoding=\"async\" width=\"671\" height=\"670\" src=\"https:\/\/lesateliersderohaire.com\/wp-content\/uploads\/2025\/09\/logo-BOP-2025.jpg\" alt=\"\" class=\"wp-image-459\" style=\"width:160px;height:auto\" srcset=\"https:\/\/lesateliersderohaire.com\/wp-content\/uploads\/2025\/09\/logo-BOP-2025.jpg 671w, https:\/\/lesateliersderohaire.com\/wp-content\/uploads\/2025\/09\/logo-BOP-2025-300x300.jpg 300w, https:\/\/lesateliersderohaire.com\/wp-content\/uploads\/2025\/09\/logo-BOP-2025-150x150.jpg 150w\" sizes=\"auto, (max-width: 671px) 100vw, 671px\" \/><\/figure>\n<\/div>","protected":false},"excerpt":{"rendered":"<p>Accompagnementprofessionnel et personnel en pr\u00e9sence ou \u00e0 distance A travers \u00ab\u00a0Les ateliers de Rohaire\u00a0\u00bb je vous propose de travailler sur des sujets en lien direct avec une recherche de mieux-\u00eatre professionnel et\/ou personnel. Je vous pr\u00e9sente diff\u00e9rents formats afin que chacun puisse trouver ce qui lui correspond le mieux. Quelques exemples de th\u00e8mes qui peuvent&hellip; <a class=\"more-link\" href=\"https:\/\/lesateliersderohaire.com\/\">Poursuivre la lecture <span class=\"screen-reader-text\">ACCUEIL &#8211; CONTACT<\/span><\/a><\/p>\n","protected":false},"author":1,"featured_media":0,"parent":0,"menu_order":1,"comment_status":"closed","ping_status":"closed","template":"","meta":{"footnotes":""},"class_list":["post-5","page","type-page","status-publish","hentry","entry"],"_links":{"self":[{"href":"https:\/\/lesateliersderohaire.com\/index.php\/wp-json\/wp\/v2\/pages\/5","targetHints":{"allow":["GET"]}}],"collection":[{"href":"https:\/\/lesateliersderohaire.com\/index.php\/wp-json\/wp\/v2\/pages"}],"about":[{"href":"https:\/\/lesateliersderohaire.com\/index.php\/wp-json\/wp\/v2\/types\/page"}],"author":[{"embeddable":true,"href":"https:\/\/lesateliersderohaire.com\/index.php\/wp-json\/wp\/v2\/users\/1"}],"replies":[{"embeddable":true,"href":"https:\/\/lesateliersderohaire.com\/index.php\/wp-json\/wp\/v2\/comments?post=5"}],"version-history":[{"count":48,"href":"https:\/\/lesateliersderohaire.com\/index.php\/wp-json\/wp\/v2\/pages\/5\/revisions"}],"predecessor-version":[{"id":470,"href":"https:\/\/lesateliersderohaire.com\/index.php\/wp-json\/wp\/v2\/pages\/5\/revisions\/470"}],"wp:attachment":[{"href":"https:\/\/lesateliersderohaire.com\/index.php\/wp-json\/wp\/v2\/media?parent=5"}],"curies":[{"name":"wp","href":"https:\/\/api.w.org\/{rel}","templated":true}]}}