{"id":47,"date":"2022-09-27T11:32:06","date_gmt":"2022-09-27T09:32:06","guid":{"rendered":"https:\/\/lesateliersderohaire.com\/?page_id=47"},"modified":"2025-09-05T11:07:13","modified_gmt":"2025-09-05T09:07:13","slug":"bilan-de-competences","status":"publish","type":"page","link":"https:\/\/lesateliersderohaire.com\/index.php\/bilan-de-competences\/","title":{"rendered":"BILAN DE COMPETENCES"},"content":{"rendered":"\n<figure class=\"wp-block-gallery has-nested-images columns-default is-cropped wp-block-gallery-1 is-layout-flex wp-block-gallery-is-layout-flex\">\n<figure class=\"wp-block-image size-large is-resized\"><img loading=\"lazy\" decoding=\"async\" width=\"933\" height=\"1024\" data-id=\"99\" src=\"https:\/\/lesateliersderohaire.com\/wp-content\/uploads\/2022\/09\/image-24.png\" alt=\"\" class=\"wp-image-99\" style=\"width:254px;height:279px\" srcset=\"https:\/\/lesateliersderohaire.com\/wp-content\/uploads\/2022\/09\/image-24.png 933w, https:\/\/lesateliersderohaire.com\/wp-content\/uploads\/2022\/09\/image-24-273x300.png 273w, https:\/\/lesateliersderohaire.com\/wp-content\/uploads\/2022\/09\/image-24-768x843.png 768w\" sizes=\"auto, (max-width: 933px) 100vw, 933px\" \/><\/figure>\n\n\n\n<figure class=\"wp-block-image size-large is-resized\"><img loading=\"lazy\" decoding=\"async\" width=\"553\" height=\"415\" data-id=\"50\" src=\"https:\/\/lesateliersderohaire.com\/wp-content\/uploads\/2022\/09\/image-2.png\" alt=\"\" class=\"wp-image-50\" style=\"width:264px;height:198px\" srcset=\"https:\/\/lesateliersderohaire.com\/wp-content\/uploads\/2022\/09\/image-2.png 553w, https:\/\/lesateliersderohaire.com\/wp-content\/uploads\/2022\/09\/image-2-300x225.png 300w\" sizes=\"auto, (max-width: 553px) 100vw, 553px\" \/><\/figure>\n<\/figure>\n\n\n\n<p class=\"has-text-align-center has-extra-large-font-size\"><\/p>\n\n\n\n<p class=\"has-text-align-center has-text-color has-link-color has-extra-large-font-size wp-elements-5353e97f80c226e105606c1452f01275\" style=\"color:#c1647b\"><strong>Accompagnement<br>professionnel et personnel<br><\/strong><\/p>\n\n\n\n<p class=\"has-text-align-center\"><\/p>\n\n\n\n<p class=\"has-text-align-center has-red-color has-text-color has-link-color has-extra-large-font-size wp-elements-46e3849d9759d2b474c93ac8eeb4a603\"><br><strong>BILAN DE COMP\u00c9TENCES<\/strong> <br><em>(finan\u00e7able via le CPF* )<\/em><\/p>\n\n\n\n<p class=\"has-text-align-center\"><strong><em>En pr\u00e9sence ou \u00e0 distance<\/em><\/strong><\/p>\n\n\n\n<p><\/p>\n\n\n\n<p class=\"has-text-align-center has-red-background-color has-text-color has-background has-link-color has-large-font-size wp-elements-b1600344e56b50926d4e5dc714c718e5\" style=\"color:#c1647b\"><strong>Qu\u2019est ce qu\u2019un Bilan de Comp\u00e9tences&nbsp;?<\/strong><\/p>\n\n\n\n<p>Un Bilan de Comp\u00e9tences c\u2019est avant tout un espace que l\u2019on se donne, un temps de pause pour r\u00e9fl\u00e9chir. C\u2019est un outil pour prendre du recul, s\u2019ouvrir des perspectives et enclencher le mouvement.<\/p>\n\n\n\n<p><em><strong>\u00ab&nbsp;Le Bilan de Comp\u00e9tences est d\u00e9fini \u00e0 l\u2019article L6313-10 du Code du travail&nbsp;\u00bb.<\/strong><\/em><\/p>\n\n\n\n<p class=\"has-red-background-color has-text-color has-background has-link-color has-large-font-size wp-elements-7d7133c1b5a68fbed2fde984ce156c3e\" style=\"color:#c1647b\"><strong>Que permet le Bilan de Comp\u00e9tences&nbsp;?<\/strong><\/p>\n\n\n\n<p>Le Bilan de Comp\u00e9tences permet notamment de faire un point, de mieux se conna\u00eetre, de prendre du recul face \u00e0 des situations, de clarifier et valoriser ses atouts, de rep\u00e9rer ses comp\u00e9tences et aptitudes, d\u2019explorer ses envies, d\u2019identifier ses besoins, d\u2019\u00e9changer autour du sens, d\u2019\u00e9tudier les choix possibles, de trouver les moyens r\u00e9alistes pour les concr\u00e9tiser, d\u2019\u00e9laborer des plans d\u2019actions.<\/p>\n\n\n\n<p>Le Bilan de Comp\u00e9tences c\u2019est aussi un espace pour renforcer sa confiance en soi, retrouver si besoin de l\u2019\u00e9lan, de la motivation, et trouver du soutien.<\/p>\n\n\n\n<p class=\"has-red-background-color has-text-color has-background has-link-color has-large-font-size wp-elements-c4f89ba3ef796c8b043c2804b76e5ecb\" style=\"color:#c1647b\"><strong>A qui s\u2019adresse le Bilan de Comp\u00e9tences&nbsp;?<\/strong><\/p>\n\n\n\n<p>Le Bilan de Comp\u00e9tences s\u2019adresse \u00e0 tous.<\/p>\n\n\n\n<p class=\"has-red-background-color has-text-color has-background has-link-color has-large-font-size wp-elements-70f32e7ffbce8507d447d114c6cd1e2e\" style=\"color:#c1647b\"><strong>Combien de temps dure un Bilan de Comp\u00e9tences&nbsp;?<\/strong><\/p>\n\n\n\n<p>Un Bilan de Comp\u00e9tences classique dure 24 heures (dont 14h d\u2019entretien et 10h de travail personnel) et se d\u00e9roule sur 3 \u00e0 4 mois environ.<\/p>\n\n\n\n<p>La dur\u00e9e d\u2019une s\u00e9ance est g\u00e9n\u00e9ralement de deux heures.<\/p>\n\n\n\n<p>Le Bilan de Comp\u00e9tences comporte trois phases&nbsp;:<\/p>\n\n\n\n<p>I\/ Une phase pr\u00e9liminaire pour faire connaissance, d\u00e9couvrir le dispositif, v\u00e9rifier l\u2019ad\u00e9quation de la d\u00e9marche avec les besoins identifi\u00e9s, d\u00e9finir le cadre de travail et r\u00e9pondre aux questions.<\/p>\n\n\n\n<p>II\/ Une phase d\u2019investigation pour une meilleure connaissance de soi et de l\u2019environnement<\/p>\n\n\n\n<p>III\/ Une phase de conclusion pour formuler les projets, structurer le plan d\u2019actions et \u00e9laborer la synth\u00e8se.<\/p>\n\n\n\n<p class=\"has-red-background-color has-text-color has-background has-link-color has-large-font-size wp-elements-140eb94f3241d4424510abe5921e3cc0\" style=\"color:#c1647b\"><strong>Quels sont les outils utilis\u00e9s&nbsp;?<\/strong><\/p>\n\n\n\n<p>Mes deux principaux outils sont l\u2019\u00e9coute et les \u00e9changes car l\u2019histoire de celui qui vient r\u00e9aliser un Bilan de Comp\u00e9tences est unique. Mon approche est centr\u00e9e sur la personne.<\/p>\n\n\n\n<p>Je fais appel \u00e9galement \u00e0 un questionnaire (et non un test) de personnalit\u00e9 et je propose un support pour guider, faciliter le travail \u00e0 r\u00e9aliser entre les entretiens. D\u2019autres outils peuvent s\u2019inviter dans les \u00e9changes &#8230;ou pas&#8230;car le contenu des s\u00e9ances s\u2019adapte \u00e0 la singularit\u00e9 de chacun.<\/p>\n\n\n\n<p class=\"has-red-background-color has-text-color has-background has-link-color has-large-font-size wp-elements-c4fbc96645978cecbcc78e766e637a4c\" style=\"color:#c1647b\"><strong>Et apr\u00e8s le Bilan de Comp\u00e9tences&nbsp;?<\/strong><\/p>\n\n\n\n<p>Un entretien d\u2019une heure est pr\u00e9vu 6 mois apr\u00e8s la fin du Bilan de Comp\u00e9tences afin de faire un point sur la situation.<\/p>\n\n\n\n<p class=\"has-text-align-center\"><strong><em>Avant de rentrer dans la d\u00e9marche d\u2019un Bilan de Comp\u00e9tences,  <\/em>     <em>un entretien pr\u00e9alable, gratuit et sans engagement est propos\u00e9  afin de valider l\u2019ad\u00e9quation entre vos besoins, votre situation et ce que propose le dispositif<\/em><\/strong><\/p>\n\n\n\n<p><em>* CPF&nbsp;: Compte Personnel de Formation<\/em><\/p>\n\n\n\n<p><\/p>\n\n\n\n<p class=\"has-text-align-center has-red-background-color has-text-color has-background has-link-color has-large-font-size wp-elements-087903d968e778d17700d27e29af6c2c\" style=\"color:#c1647b\"><strong>Pour en savoir plus, n&rsquo;h\u00e9sitez pas \u00e0 me contacter\u00a0<\/strong><br><strong>armelle.vannier@gmail.com<\/strong><\/p>\n","protected":false},"excerpt":{"rendered":"<p>Accompagnementprofessionnel et personnel BILAN DE COMP\u00c9TENCES (finan\u00e7able via le CPF* ) En pr\u00e9sence ou \u00e0 distance Qu\u2019est ce qu\u2019un Bilan de Comp\u00e9tences&nbsp;? Un Bilan de Comp\u00e9tences c\u2019est avant tout un espace que l\u2019on se donne, un temps de pause pour r\u00e9fl\u00e9chir. C\u2019est un outil pour prendre du recul, s\u2019ouvrir des perspectives et enclencher le mouvement.&hellip; <a class=\"more-link\" href=\"https:\/\/lesateliersderohaire.com\/index.php\/bilan-de-competences\/\">Poursuivre la lecture <span class=\"screen-reader-text\">BILAN DE COMPETENCES<\/span><\/a><\/p>\n","protected":false},"author":1,"featured_media":0,"parent":0,"menu_order":3,"comment_status":"closed","ping_status":"closed","template":"","meta":{"footnotes":""},"class_list":["post-47","page","type-page","status-publish","hentry","entry"],"_links":{"self":[{"href":"https:\/\/lesateliersderohaire.com\/index.php\/wp-json\/wp\/v2\/pages\/47","targetHints":{"allow":["GET"]}}],"collection":[{"href":"https:\/\/lesateliersderohaire.com\/index.php\/wp-json\/wp\/v2\/pages"}],"about":[{"href":"https:\/\/lesateliersderohaire.com\/index.php\/wp-json\/wp\/v2\/types\/page"}],"author":[{"embeddable":true,"href":"https:\/\/lesateliersderohaire.com\/index.php\/wp-json\/wp\/v2\/users\/1"}],"replies":[{"embeddable":true,"href":"https:\/\/lesateliersderohaire.com\/index.php\/wp-json\/wp\/v2\/comments?post=47"}],"version-history":[{"count":18,"href":"https:\/\/lesateliersderohaire.com\/index.php\/wp-json\/wp\/v2\/pages\/47\/revisions"}],"predecessor-version":[{"id":444,"href":"https:\/\/lesateliersderohaire.com\/index.php\/wp-json\/wp\/v2\/pages\/47\/revisions\/444"}],"wp:attachment":[{"href":"https:\/\/lesateliersderohaire.com\/index.php\/wp-json\/wp\/v2\/media?parent=47"}],"curies":[{"name":"wp","href":"https:\/\/api.w.org\/{rel}","templated":true}]}}