{"id":451,"date":"2025-09-11T12:16:04","date_gmt":"2025-09-11T10:16:04","guid":{"rendered":"https:\/\/lesateliersderohaire.com\/?page_id=451"},"modified":"2025-12-02T11:23:00","modified_gmt":"2025-12-02T10:23:00","slug":"evenements","status":"publish","type":"page","link":"https:\/\/lesateliersderohaire.com\/index.php\/evenements\/","title":{"rendered":"Ev\u00e8nements"},"content":{"rendered":"\n<p class=\"has-text-align-center has-white-background-color has-text-color has-background has-link-color has-extra-large-font-size wp-elements-6b073ae179f8cf4aaade291f903affc4\" style=\"color:#c1647b\"><strong>Stage de Tango\/Num\u00e9ro <\/strong>!<br><strong>du 4 au 6 juillet 2025 <\/strong><\/p>\n\n\n<div class=\"wp-block-image\">\n<figure class=\"aligncenter size-full is-resized\"><img loading=\"lazy\" decoding=\"async\" width=\"180\" height=\"168\" src=\"https:\/\/lesateliersderohaire.com\/wp-content\/uploads\/2025\/09\/affiche-stage.jpg\" alt=\"\" class=\"wp-image-452\" style=\"width:256px;height:auto\"\/><\/figure>\n<\/div>\n\n\n<p class=\"has-text-align-center has-large-font-size\"><br><a href=\"https:\/\/www.youtube.com\/watch?v=kTDgetMA1ZY\"><strong>https:\/\/www.youtube.com\/watch?v=kTDgetMA1ZY<\/strong><\/a><\/p>\n\n\n\n<p class=\"has-black-color has-red-background-color has-text-color has-background has-link-color has-large-font-size wp-elements-277280d3482cdfb733e1c98db9991d2e\">T\u00e9moignages<\/p>\n\n\n\n<p><em>\u00ab\u00a0Comment vous remercier Armelle et Charlotte pour ce merveilleux moment d\u2019une intensit\u00e9 folle et d\u2019une richesse in\u00e9gal\u00e9e&nbsp;!<\/em><\/p>\n\n\n\n<p><em>Le temps de ce week-end de stage Tango-num\u00e9ro au TAPIS VERT \u00e0 Lalacelle a \u00e9t\u00e9 pour moi une parenth\u00e8se magique, profond\u00e9ment humaine et vibrante d\u2019\u00e9motions. J\u2019y suis all\u00e9 pouss\u00e9 par la curiosit\u00e9, j\u2019en ressors touch\u00e9, nourri, et gonfl\u00e9 \u00e0 bloc !<\/em><\/p>\n\n\n\n<p><em>Quelle belle id\u00e9e de r\u00e9unir ces deux disciplines&nbsp;! Merci de tout coeur \u00e0 vous deux pour votre implication \u00e0 donner le meilleur de vous-m\u00eame, votre g\u00e9n\u00e9rosit\u00e9, votre qualit\u00e9 d\u2019\u00e9coute, votre mise en confiance, votre chaleur, votre bienveillance de tous les instants, vote guidance lumineuse, votre passion communicative, votre \u00e9nergie sans faille \u2026 et tout votre amour, conditions n\u00e9cessaires pour cette extraordinaire alchimie qui permet d\u2019aller au plus profond de soi-m\u00eame.<\/em><\/p>\n\n\n\n<p><em>Je repars le coeur grand ouvert, avec l\u2019envie de danser davantage, empli de confiance, plus vivant, plus ancr\u00e9 (\u00e0 n\u2019\u2019en pas douter&nbsp;!&nbsp;;-)) et avec plus de foi dans l\u2019humanit\u00e9&nbsp;!<\/em><\/p>\n\n\n\n<p><em>Un immense merci<\/em> &#8211; Eric<\/p>\n\n\n\n<p><\/p>\n\n\n\n<p><\/p>\n\n\n\n<p>\u00ab&nbsp;Un stage de Tango-Num\u00e9rologie&nbsp;\u00bb \u00ab&nbsp;Mais quelle id\u00e9e&nbsp;\u00bb ! Une id\u00e9e qui a germ\u00e9 dans la t\u00eate de Charlotte et Armelle (sa tante). La synergie de ces deux talents, qu\u2019il ne me serait pas venu \u00e0 l&rsquo;id\u00e9e d&rsquo;associer, fonctionne \u00e0 merveille. Je m&rsquo;\u00e9tais d\u00e9j\u00e0 \u00ab\u00a0introspect\u00e9e\u00a0\u00bb sur mon rapport \u00e0 la danse et \u00e0 ma place dans le bin\u00f4me danseur\/danseuse, mais l\u00e0, avec en plus le regard de la num\u00e9rologie cela prends une nouvelle dimension.&nbsp;<\/p>\n\n\n\n<p>Armelle nous fait d\u00e9couvrir les nombres (comme les plan\u00e8tes en astrologie) qui nous d\u00e9finissent et les fait parler. Charlotte, quant \u00e0 elle, nous fait vivre par le mouvement comment la traduction de ces chiffres se traduit \u00e0 travers notre corps. Et la synergie des deux (la th\u00e9orie et la pratique) permet une prise de recul pour observer bien au-del\u00e0 de la piste de danse et constater l&rsquo;impact dans la vie quotidienne. Tout est fractal ! Et ce stage est bien plus qu\u2019un stage de tango. Il fait bouger le syst\u00e8me. Il nous offre la possibilit\u00e9 d\u2019identifier les endroits en nous qui ont besoin de fluidit\u00e9 pour progresser dans notre pratique du tango mais aussi dans notre vie.<\/p>\n\n\n\n<p>Je suis ressortie de ces 3 jours avec une prise de conscience et une lib\u00e9ration d&rsquo;un blocage sur une qualit\u00e9 que je n&rsquo;arrivais pas \u00e0 exprimer pleinement. Et cela ne s&rsquo;arr\u00eate pas l\u00e0 ! Depuis, j&rsquo;ai constat\u00e9 que j&rsquo;apprivoise cette qualit\u00e9 par des actes concrets dans ma vie de tous les jours que j&rsquo;ai de moins en moins \u00e0 accomplir.<\/p>\n\n\n\n<p>Merci encore \u00e0 toutes les deux pour l&rsquo;audace dont vous avez fait preuve en suivant votre intuition et coconstruit ce cours. Merci pour la qualit\u00e9 de votre accueil et de votre \u00e9coute. Merci pour votre simplicit\u00e9 et votre authenticit\u00e9. Merci pour la douce chaleur de votre c\u0153ur.<\/p>\n\n\n\n<p>Vous pourrez facilement en d\u00e9duire, \u00e0 la lecture de mes quelques mots, que je vous recommande vivement les stages de Charlotte et\/ou Armelle.<\/p>\n\n\n\n<p>Catherine<\/p>\n","protected":false},"excerpt":{"rendered":"<p>Stage de Tango\/Num\u00e9ro !du 4 au 6 juillet 2025 https:\/\/www.youtube.com\/watch?v=kTDgetMA1ZY T\u00e9moignages \u00ab\u00a0Comment vous remercier Armelle et Charlotte pour ce merveilleux moment d\u2019une intensit\u00e9 folle et d\u2019une richesse in\u00e9gal\u00e9e&nbsp;! Le temps de ce week-end de stage Tango-num\u00e9ro au TAPIS VERT \u00e0 Lalacelle a \u00e9t\u00e9 pour moi une parenth\u00e8se magique, profond\u00e9ment humaine et vibrante d\u2019\u00e9motions. J\u2019y suis&hellip; <a class=\"more-link\" href=\"https:\/\/lesateliersderohaire.com\/index.php\/evenements\/\">Poursuivre la lecture <span class=\"screen-reader-text\">Ev\u00e8nements<\/span><\/a><\/p>\n","protected":false},"author":1,"featured_media":0,"parent":0,"menu_order":0,"comment_status":"closed","ping_status":"closed","template":"","meta":{"footnotes":""},"class_list":["post-451","page","type-page","status-publish","hentry","entry"],"_links":{"self":[{"href":"https:\/\/lesateliersderohaire.com\/index.php\/wp-json\/wp\/v2\/pages\/451","targetHints":{"allow":["GET"]}}],"collection":[{"href":"https:\/\/lesateliersderohaire.com\/index.php\/wp-json\/wp\/v2\/pages"}],"about":[{"href":"https:\/\/lesateliersderohaire.com\/index.php\/wp-json\/wp\/v2\/types\/page"}],"author":[{"embeddable":true,"href":"https:\/\/lesateliersderohaire.com\/index.php\/wp-json\/wp\/v2\/users\/1"}],"replies":[{"embeddable":true,"href":"https:\/\/lesateliersderohaire.com\/index.php\/wp-json\/wp\/v2\/comments?post=451"}],"version-history":[{"count":4,"href":"https:\/\/lesateliersderohaire.com\/index.php\/wp-json\/wp\/v2\/pages\/451\/revisions"}],"predecessor-version":[{"id":476,"href":"https:\/\/lesateliersderohaire.com\/index.php\/wp-json\/wp\/v2\/pages\/451\/revisions\/476"}],"wp:attachment":[{"href":"https:\/\/lesateliersderohaire.com\/index.php\/wp-json\/wp\/v2\/media?parent=451"}],"curies":[{"name":"wp","href":"https:\/\/api.w.org\/{rel}","templated":true}]}}