{"id":17,"date":"2022-09-27T11:33:47","date_gmt":"2022-09-27T09:33:47","guid":{"rendered":"http:\/\/lesateliersderohaire.com\/?page_id=17"},"modified":"2025-08-19T11:06:55","modified_gmt":"2025-08-19T09:06:55","slug":"inspiration","status":"publish","type":"page","link":"https:\/\/lesateliersderohaire.com\/index.php\/inspiration\/","title":{"rendered":"INSPIRATION"},"content":{"rendered":"<div class=\"wp-block-image\">\n<figure class=\"aligncenter size-full is-resized\"><img loading=\"lazy\" decoding=\"async\" width=\"933\" height=\"1024\" src=\"https:\/\/lesateliersderohaire.com\/wp-content\/uploads\/2022\/09\/image-25.png\" alt=\"\" class=\"wp-image-101\" style=\"width:254px;height:279px\" srcset=\"https:\/\/lesateliersderohaire.com\/wp-content\/uploads\/2022\/09\/image-25.png 933w, https:\/\/lesateliersderohaire.com\/wp-content\/uploads\/2022\/09\/image-25-273x300.png 273w, https:\/\/lesateliersderohaire.com\/wp-content\/uploads\/2022\/09\/image-25-768x843.png 768w\" sizes=\"auto, (max-width: 933px) 100vw, 933px\" \/><\/figure>\n<\/div>\n\n\n<p class=\"has-text-align-center has-text-color has-link-color has-extra-large-font-size wp-elements-c2cc2db8577ad3152161f685b04810e8\" style=\"color:#c1647b\"><strong>Accompagnement<br>professionnel et personnel<\/strong><\/p>\n\n\n\n<p><\/p>\n\n\n\n<p class=\"has-text-align-center\"><\/p>\n\n\n\n<p class=\"has-large-font-size\"><br><br><strong>Je m\u2019inspire de quelques concepts cl\u00e9s simples<\/strong><\/p>\n\n\n\n<ul class=\"wp-block-list\">\n<li class=\"has-white-color has-text-color has-link-color wp-elements-c2bf67a9c6cb99b9ea3938e977a3e672\"><strong>Le beau,<\/strong> car il agit sur la chimie de notre cerveau\u00a0<\/li>\n\n\n\n<li><strong>Le simple,<\/strong> pour acc\u00e9der \u00e0 la fluidit\u00e9 et pr\u00e9server son \u00e9nergie\u00a0<\/li>\n\n\n\n<li><strong>Le mouvement,<\/strong> car bouger permet de transformer\u00a0<\/li>\n\n\n\n<li><strong>La d\u00e9tente<\/strong>, car c\u2019est le meilleur moyen pour apprendre et acc\u00e9der \u00e0 un mieux \u00eatre\u00a0<\/li>\n\n\n\n<li><strong>L\u2019\u00e9nergie,<\/strong> car elle est essentielle \u00e0 la vie\u00a0<\/li>\n\n\n\n<li><strong>La nouveaut\u00e9,<\/strong> pour faire travailler la neuroplasticit\u00e9 de notre cerveau \u00a0<\/li>\n\n\n\n<li><strong>La r\u00e9p\u00e9tition<\/strong>, pour que l\u2019effort de d\u00e9part devienne une nouvelle fa\u00e7on d\u2019\u00eatre\u00a0<\/li>\n\n\n\n<li><strong>L\u2019exp\u00e9rience,<\/strong> car comprendre ne suffit pas\u00a0<\/li>\n\n\n\n<li><strong>Le positif, <\/strong>car formuler positif transforme nos sch\u00e9mas de pens\u00e9es, notre physiologie, engendre des modifications de nos actions et se r\u00e9percute sur notre bien-\u00eatre psychique et physique<\/li>\n\n\n\n<li><strong>Le corps,<\/strong> car agir sur le corps c\u2019est agir sur notre esprit<\/li>\n\n\n\n<li><strong>La conscience,<\/strong> pour \u00e9loigner l\u2019ignorance et sortir de nos automatismes<\/li>\n\n\n\n<li><strong>La joie,<\/strong> qui se relie au sens et au sentiment d\u2019\u00eatre vivant\u00a0!<\/li>\n<\/ul>\n\n\n\n<p class=\"has-text-align-center has-red-background-color has-text-color has-background has-link-color has-large-font-size wp-elements-bd4f93c05a34d1b7ca2ee221b4ec072d\" style=\"color:#c1647b\"><strong>Ce sur quoi nous portons notre attention grandit<\/strong><\/p>\n","protected":false},"excerpt":{"rendered":"<p>Accompagnementprofessionnel et personnel Je m\u2019inspire de quelques concepts cl\u00e9s simples Ce sur quoi nous portons notre attention grandit<\/p>\n","protected":false},"author":1,"featured_media":0,"parent":0,"menu_order":10,"comment_status":"closed","ping_status":"closed","template":"","meta":{"footnotes":""},"class_list":["post-17","page","type-page","status-publish","hentry","entry"],"_links":{"self":[{"href":"https:\/\/lesateliersderohaire.com\/index.php\/wp-json\/wp\/v2\/pages\/17","targetHints":{"allow":["GET"]}}],"collection":[{"href":"https:\/\/lesateliersderohaire.com\/index.php\/wp-json\/wp\/v2\/pages"}],"about":[{"href":"https:\/\/lesateliersderohaire.com\/index.php\/wp-json\/wp\/v2\/types\/page"}],"author":[{"embeddable":true,"href":"https:\/\/lesateliersderohaire.com\/index.php\/wp-json\/wp\/v2\/users\/1"}],"replies":[{"embeddable":true,"href":"https:\/\/lesateliersderohaire.com\/index.php\/wp-json\/wp\/v2\/comments?post=17"}],"version-history":[{"count":10,"href":"https:\/\/lesateliersderohaire.com\/index.php\/wp-json\/wp\/v2\/pages\/17\/revisions"}],"predecessor-version":[{"id":334,"href":"https:\/\/lesateliersderohaire.com\/index.php\/wp-json\/wp\/v2\/pages\/17\/revisions\/334"}],"wp:attachment":[{"href":"https:\/\/lesateliersderohaire.com\/index.php\/wp-json\/wp\/v2\/media?parent=17"}],"curies":[{"name":"wp","href":"https:\/\/api.w.org\/{rel}","templated":true}]}}