{"id":140,"date":"2022-09-27T11:37:01","date_gmt":"2022-09-27T09:37:01","guid":{"rendered":"https:\/\/lesateliersderohaire.com\/?page_id=140"},"modified":"2026-01-14T09:37:31","modified_gmt":"2026-01-14T08:37:31","slug":"presentation","status":"publish","type":"page","link":"https:\/\/lesateliersderohaire.com\/index.php\/presentation\/","title":{"rendered":"QUI SUIS-JE ?"},"content":{"rendered":"\n<figure class=\"wp-block-gallery has-nested-images columns-default is-cropped wp-block-gallery-1 is-layout-flex wp-block-gallery-is-layout-flex\">\n<figure class=\"wp-block-image size-large is-resized is-style-default\"><img loading=\"lazy\" decoding=\"async\" width=\"933\" height=\"1024\" data-id=\"126\" src=\"https:\/\/lesateliersderohaire.com\/wp-content\/uploads\/2022\/09\/image-33-933x1024.png\" alt=\"\" class=\"wp-image-126\" style=\"width:244px;height:auto\" srcset=\"https:\/\/lesateliersderohaire.com\/wp-content\/uploads\/2022\/09\/image-33-933x1024.png 933w, https:\/\/lesateliersderohaire.com\/wp-content\/uploads\/2022\/09\/image-33-273x300.png 273w, https:\/\/lesateliersderohaire.com\/wp-content\/uploads\/2022\/09\/image-33-768x843.png 768w, https:\/\/lesateliersderohaire.com\/wp-content\/uploads\/2022\/09\/image-33-1400x1536.png 1400w, https:\/\/lesateliersderohaire.com\/wp-content\/uploads\/2022\/09\/image-33-1866x2048.png 1866w, https:\/\/lesateliersderohaire.com\/wp-content\/uploads\/2022\/09\/image-33-1568x1721.png 1568w\" sizes=\"auto, (max-width: 933px) 100vw, 933px\" \/><\/figure>\n\n\n\n<figure class=\"wp-block-image size-large is-style-rounded\"><img loading=\"lazy\" decoding=\"async\" width=\"768\" height=\"1024\" data-id=\"228\" src=\"https:\/\/lesateliersderohaire.com\/wp-content\/uploads\/2022\/10\/image-768x1024.png\" alt=\"Armelle Vannier\" class=\"wp-image-228\" srcset=\"https:\/\/lesateliersderohaire.com\/wp-content\/uploads\/2022\/10\/image-768x1024.png 768w, https:\/\/lesateliersderohaire.com\/wp-content\/uploads\/2022\/10\/image-225x300.png 225w, https:\/\/lesateliersderohaire.com\/wp-content\/uploads\/2022\/10\/image-1152x1536.png 1152w, https:\/\/lesateliersderohaire.com\/wp-content\/uploads\/2022\/10\/image.png 1505w\" sizes=\"auto, (max-width: 768px) 100vw, 768px\" \/><\/figure>\n<\/figure>\n\n\n\n<p class=\"has-text-align-center has-text-color has-link-color has-extra-large-font-size wp-elements-c2cc2db8577ad3152161f685b04810e8\" style=\"color:#c1647b\"><strong>Accompagnement<br>professionnel et personnel<\/strong><\/p>\n\n\n\n<p><\/p>\n\n\n\n<p class=\"has-text-align-left\"><br>Je pratique depuis 20 ans l&rsquo;accompagnement.<\/p>\n\n\n\n<p class=\"has-text-align-left\">Je suis passionn\u00e9e par ce que je fais, enthousiaste et engag\u00e9e. On me renvoie souvent que je suis pleine d&rsquo;une \u00e9nergie communicative ce qui m&rsquo;a amen\u00e9e \u00e0 me baptiser \u00ab\u00a0Boosteuse de Transition Professionnelle et Personnelle\u00a0\u00bb et j&rsquo;ai ajout\u00e9 \u00ab\u00a0Praticienne de mieux-\u00eatre\u00a0\u00bb car c&rsquo;est un sujet que je mets au c\u0153ur de ma pratique.<\/p>\n\n\n\n<p class=\"has-text-align-left\">Je m&rsquo;appuie sur une approche Humaniste, \u00e9coute et bienveillance font partie du socle pour r\u00e9pondre \u00e0 vos besoins.<\/p>\n\n\n\n<p class=\"has-text-align-left\">Je vis depuis 2020 dans le Perche, au milieu de cette nature g\u00e9n\u00e9reuse et qui ressource. Ce choix m&rsquo;a offert la possibilit\u00e9 d&rsquo;ouvrir mon accompagnement \u00e9galement \u00e0 distance. Je voyage \u00e0 travers le monde au fil de vos demandes.<\/p>\n\n\n\n<p class=\"has-text-align-left\">Mes premiers m\u00e9tiers \u00e9taient essentiellement dans le secteur de la formation. Puis \u00e0 45 ans, j\u2019ai d\u00e9cid\u00e9 de reprendre des \u00e9tudes universitaires pour rejoindre le domaine de l\u2019accompagnement et m\u2019immerger pleinement au c\u0153ur des Sciences Humaines, quel cadeau&nbsp;! Depuis ma pratique est tourn\u00e9e vers vous, pour vous accompagner dans votre recherche de mieux-\u00eatre, de changement, d&rsquo;\u00e9volution, de recherche de sens, de clarification, de r\u00e9orientation&#8230;<\/p>\n\n\n\n<p>Par ailleurs, tr\u00e8s sensible aux niveaux \u00e9nerg\u00e9tiques, je me suis int\u00e9ress\u00e9e \u00e0 l\u2019impact que pouvaient avoir sur notre vitalit\u00e9 et motivation les \u00e9nergies d\u2019un lieu dans lequel nous passons beaucoup de temps (bureau, habitation). Mes formations, lectures, rencontres m\u2019ont amen\u00e9e \u00e0 co-\u00e9crire en 2012 un livre sur le Feng Shui \u00ab&nbsp;Ma maison Feng Shui&nbsp;\u00bb (\u00e9ditions Fleurus).<\/p>\n\n\n\n<p>J&rsquo;ai invit\u00e9 de plus en plus le corps, les ressentis dans mon accompagnement pour travailler de mani\u00e8re plus holistique. Que dit la t\u00eate, que dit le corps ? Tisser des liens entre le corps et l&rsquo;esprit, passer par de multiples chemins pour se transformer.<\/p>\n\n\n\n<p>Pour accro\u00eetre cette approche, je me suis form\u00e9e en SophroCoaching ( Sophrocoach Professionnel\u00ae)<\/p>\n\n\n\n<p>Je me suis enrichie \u00e9galement d&rsquo;un nouvel outil, la \u00ab\u00a0Num\u00e9rologie Strat\u00e9gique \u00ae\u00a0\u00bb. J&rsquo;y ai trouv\u00e9 une approche rapide, tr\u00e8s concr\u00e8te et orient\u00e9e vers l&rsquo;action. Un support passionnant pour \u00e9changer de <strong>mani\u00e8re novatrice<\/strong> sur la connaissance de soi, nos besoins fondamentaux, nos talents mais aussi nos ambivalences, nos blocages. Permettre d&rsquo;agir en conscience et en phase avec soi.<\/p>\n\n\n\n<p>Aujourd&rsquo;hui en fonction de vos demandes, de vos attentes, de vos besoins, j&rsquo;adapte ma pratique et je puise dans ma \u00ab\u00a0palette de couleurs !\u00a0\u00bb<br><\/p>\n\n\n\n<p><\/p>\n\n\n\n<p class=\"has-red-background-color has-text-color has-background has-link-color wp-elements-aa7599cb097151eaf3c793607f6dbead\" style=\"color:#c1647b\"><strong>Mes principaux apprentissages acad\u00e9miques : <\/strong><\/p>\n\n\n\n<p>Certifi\u00e9e en \u00ab\u00a0Num\u00e9rologie Strat\u00e9gique\u00ae\u00a0\u00bb par l&rsquo; EDNS (Ecole De Num\u00e9rologie Strat\u00e9gique) de Lydie Castells &#8211; Formation de Sophrocoach Professionnel\u00ae<strong>&#8211; <\/strong>Formation \u00e0 la CNV \u2013 Certification Accompagnement \u00ab\u00a0Sens de la vie et Sens du travail\u00a0\u00bb &#8211; Certification MBTI<strong>\u00ae<\/strong> &#8211; DESU (Bac+5) Sciences Humaines Universit\u00e9 de Nanterre &#8211; Formation de formateur \u2013 Prise de parole en public &#8211; Expert Feng Shui \u00ab\u00a0Feng Shui Design School\u00a0\u00bb<\/p>\n\n\n\n<p><strong>Quelques partenaires<\/strong> : <a href=\"https:\/\/www.profilculture-competences.com\/equipe-harmonique-profilculture-armelle-vannier-28\">ProfilCulture<\/a> (Cabinet d\u00e9di\u00e9 aux secteurs de la culture et des m\u00e9dias &#8211; CoAxial (le r\u00e9seau professionnel du Coaching) &#8211; Le Cnam IDF (Conservatoire National des Arts et M\u00e9tiers)<\/p>\n\n\n\n<p class=\"has-red-background-color has-text-color has-background has-link-color wp-elements-003707c499864e6c0e24d574c2ce31d2\" style=\"color:#c1647b\"><strong>J\u2019aime me mettre \u00e0 l\u2019\u00e9coute et au service de celui qui cherche&#8230;<\/strong><\/p>\n\n\n\n<p class=\"has-text-align-center has-text-color has-link-color has-large-font-size wp-elements-5529be79407eadea85b9e1baabd8136d\" style=\"color:#c1647b\"><strong>Pour me contacter : armelle.vannier@gmail.com<\/strong><\/p>\n\n\n\n<p><\/p>\n\n\n\n<p><\/p>\n","protected":false},"excerpt":{"rendered":"<p>Accompagnementprofessionnel et personnel Je pratique depuis 20 ans l&rsquo;accompagnement. Je suis passionn\u00e9e par ce que je fais, enthousiaste et engag\u00e9e. On me renvoie souvent que je suis pleine d&rsquo;une \u00e9nergie communicative ce qui m&rsquo;a amen\u00e9e \u00e0 me baptiser \u00ab\u00a0Boosteuse de Transition Professionnelle et Personnelle\u00a0\u00bb et j&rsquo;ai ajout\u00e9 \u00ab\u00a0Praticienne de mieux-\u00eatre\u00a0\u00bb car c&rsquo;est un sujet que&hellip; <a class=\"more-link\" href=\"https:\/\/lesateliersderohaire.com\/index.php\/presentation\/\">Poursuivre la lecture <span class=\"screen-reader-text\">QUI SUIS-JE ?<\/span><\/a><\/p>\n","protected":false},"author":1,"featured_media":0,"parent":0,"menu_order":9,"comment_status":"closed","ping_status":"closed","template":"","meta":{"footnotes":""},"class_list":["post-140","page","type-page","status-publish","hentry","entry"],"_links":{"self":[{"href":"https:\/\/lesateliersderohaire.com\/index.php\/wp-json\/wp\/v2\/pages\/140","targetHints":{"allow":["GET"]}}],"collection":[{"href":"https:\/\/lesateliersderohaire.com\/index.php\/wp-json\/wp\/v2\/pages"}],"about":[{"href":"https:\/\/lesateliersderohaire.com\/index.php\/wp-json\/wp\/v2\/types\/page"}],"author":[{"embeddable":true,"href":"https:\/\/lesateliersderohaire.com\/index.php\/wp-json\/wp\/v2\/users\/1"}],"replies":[{"embeddable":true,"href":"https:\/\/lesateliersderohaire.com\/index.php\/wp-json\/wp\/v2\/comments?post=140"}],"version-history":[{"count":20,"href":"https:\/\/lesateliersderohaire.com\/index.php\/wp-json\/wp\/v2\/pages\/140\/revisions"}],"predecessor-version":[{"id":481,"href":"https:\/\/lesateliersderohaire.com\/index.php\/wp-json\/wp\/v2\/pages\/140\/revisions\/481"}],"wp:attachment":[{"href":"https:\/\/lesateliersderohaire.com\/index.php\/wp-json\/wp\/v2\/media?parent=140"}],"curies":[{"name":"wp","href":"https:\/\/api.w.org\/{rel}","templated":true}]}}