{"id":125,"date":"2022-09-30T10:39:03","date_gmt":"2022-09-30T08:39:03","guid":{"rendered":"https:\/\/lesateliersderohaire.com\/?page_id=125"},"modified":"2025-10-02T18:53:41","modified_gmt":"2025-10-02T16:53:41","slug":"tarifs","status":"publish","type":"page","link":"https:\/\/lesateliersderohaire.com\/index.php\/tarifs\/","title":{"rendered":"TARIFS"},"content":{"rendered":"<div class=\"wp-block-image\">\n<figure class=\"aligncenter size-large is-resized\"><img loading=\"lazy\" decoding=\"async\" width=\"933\" height=\"1024\" src=\"https:\/\/lesateliersderohaire.com\/wp-content\/uploads\/2022\/09\/image-33-933x1024.png\" alt=\"\" class=\"wp-image-126\" style=\"width:254px;height:279px\" srcset=\"https:\/\/lesateliersderohaire.com\/wp-content\/uploads\/2022\/09\/image-33-933x1024.png 933w, https:\/\/lesateliersderohaire.com\/wp-content\/uploads\/2022\/09\/image-33-273x300.png 273w, https:\/\/lesateliersderohaire.com\/wp-content\/uploads\/2022\/09\/image-33-768x843.png 768w, https:\/\/lesateliersderohaire.com\/wp-content\/uploads\/2022\/09\/image-33-1400x1536.png 1400w, https:\/\/lesateliersderohaire.com\/wp-content\/uploads\/2022\/09\/image-33-1866x2048.png 1866w, https:\/\/lesateliersderohaire.com\/wp-content\/uploads\/2022\/09\/image-33-1568x1721.png 1568w\" sizes=\"auto, (max-width: 933px) 100vw, 933px\" \/><\/figure>\n<\/div>\n\n\n<p class=\"has-text-align-center has-extra-large-font-size\"><\/p>\n\n\n\n<p class=\"has-text-align-center has-text-color has-link-color has-extra-large-font-size wp-elements-c2cc2db8577ad3152161f685b04810e8\" style=\"color:#c1647b\"><strong>Accompagnement<br>professionnel et personnel<\/strong><\/p>\n\n\n\n<p class=\"has-text-align-center\"><strong>En pr\u00e9sence ou \u00e0 distance<\/strong><\/p>\n\n\n\n<p><br><br><\/p>\n\n\n\n<p class=\"has-red-color has-text-color has-link-color has-extra-large-font-size wp-elements-ca614d78665fcd6fe3a2e21128bb0a30\"><strong>Num\u00e9rologie Strat\u00e9gique \u00ae<\/strong><\/p>\n\n\n\n<ul class=\"wp-block-list\">\n<li>Restitution de votre th\u00e8me, dur\u00e9e 2 heures : 150 \u20ac<\/li>\n\n\n\n<li>Coaching &#8211; S\u00e9ance d&rsquo;une heure : 70 \u20ac<\/li>\n<\/ul>\n\n\n\n<p class=\"has-red-color has-text-color has-link-color has-extra-large-font-size wp-elements-5c639484f193863eb48a4f29357a613e\"><br><br><strong>Accompagnement th\u00e9matique<\/strong><\/p>\n\n\n\n<ul class=\"wp-block-list\">\n<li>70 \u20ac \/h<\/li>\n<\/ul>\n\n\n\n<p class=\"has-red-color has-text-color has-link-color has-extra-large-font-size wp-elements-3c81fa39dce621266d5d57398e673138\"><br><strong>Bilan de comp\u00e9tences <\/strong><\/p>\n\n\n\n<p class=\"has-small-font-size\"><strong>(<em>Montant forfaitaire pour 24h dont 14h d&rsquo;accompagnement<\/em>)<\/strong><br><\/p>\n\n\n\n<ul class=\"wp-block-list\">\n<li>Financement CPF* 2.500 \u20ac<br><\/li>\n\n\n\n<li>Financement P\u00f4le emploi 2.000 \u20ac<\/li>\n<\/ul>\n\n\n\n<ul class=\"wp-block-list\">\n<li>Financement individuel 1.500 \u20ac (paiement \u00e9chelonn\u00e9 possible)<\/li>\n<\/ul>\n\n\n\n<ul class=\"wp-block-list\">\n<li>Financement entreprise 2.900 \u20ac<\/li>\n<\/ul>\n\n\n\n<p><em>* CPF&nbsp;: Compte Personnel de Formation<\/em><\/p>\n\n\n\n<p class=\"has-large-font-size\"><br><br><\/p>\n\n\n\n<p class=\"has-text-align-center has-red-background-color has-text-color has-background has-link-color has-large-font-size wp-elements-4b967e4a99cfbbf39b314bffd2fd5fb4\" style=\"color:#c1647b\"><strong>Pour me contacter : armelle.vannier@gmail.com<\/strong><\/p>\n\n\n\n<p><\/p>\n","protected":false},"excerpt":{"rendered":"<p>Accompagnementprofessionnel et personnel En pr\u00e9sence ou \u00e0 distance Num\u00e9rologie Strat\u00e9gique \u00ae Accompagnement th\u00e9matique Bilan de comp\u00e9tences (Montant forfaitaire pour 24h dont 14h d&rsquo;accompagnement) * CPF&nbsp;: Compte Personnel de Formation Pour me contacter : armelle.vannier@gmail.com<\/p>\n","protected":false},"author":1,"featured_media":0,"parent":0,"menu_order":8,"comment_status":"closed","ping_status":"closed","template":"","meta":{"footnotes":""},"class_list":["post-125","page","type-page","status-publish","hentry","entry"],"_links":{"self":[{"href":"https:\/\/lesateliersderohaire.com\/index.php\/wp-json\/wp\/v2\/pages\/125","targetHints":{"allow":["GET"]}}],"collection":[{"href":"https:\/\/lesateliersderohaire.com\/index.php\/wp-json\/wp\/v2\/pages"}],"about":[{"href":"https:\/\/lesateliersderohaire.com\/index.php\/wp-json\/wp\/v2\/types\/page"}],"author":[{"embeddable":true,"href":"https:\/\/lesateliersderohaire.com\/index.php\/wp-json\/wp\/v2\/users\/1"}],"replies":[{"embeddable":true,"href":"https:\/\/lesateliersderohaire.com\/index.php\/wp-json\/wp\/v2\/comments?post=125"}],"version-history":[{"count":16,"href":"https:\/\/lesateliersderohaire.com\/index.php\/wp-json\/wp\/v2\/pages\/125\/revisions"}],"predecessor-version":[{"id":472,"href":"https:\/\/lesateliersderohaire.com\/index.php\/wp-json\/wp\/v2\/pages\/125\/revisions\/472"}],"wp:attachment":[{"href":"https:\/\/lesateliersderohaire.com\/index.php\/wp-json\/wp\/v2\/media?parent=125"}],"curies":[{"name":"wp","href":"https:\/\/api.w.org\/{rel}","templated":true}]}}