{"id":119,"date":"2022-09-27T11:34:40","date_gmt":"2022-09-27T09:34:40","guid":{"rendered":"https:\/\/lesateliersderohaire.com\/?page_id=119"},"modified":"2025-09-05T11:13:04","modified_gmt":"2025-09-05T09:13:04","slug":"les-ateliers","status":"publish","type":"page","link":"https:\/\/lesateliersderohaire.com\/index.php\/les-ateliers\/","title":{"rendered":"ACCOMPAGNEMENT THEMATIQUE"},"content":{"rendered":"\n<figure class=\"wp-block-gallery has-nested-images columns-default is-cropped wp-block-gallery-1 is-layout-flex wp-block-gallery-is-layout-flex\">\n<figure class=\"wp-block-image size-large is-resized\"><img loading=\"lazy\" decoding=\"async\" width=\"933\" height=\"1024\" data-id=\"120\" src=\"https:\/\/lesateliersderohaire.com\/wp-content\/uploads\/2022\/09\/image-30-933x1024.png\" alt=\"\" class=\"wp-image-120\" style=\"width:254px;height:279px\" srcset=\"https:\/\/lesateliersderohaire.com\/wp-content\/uploads\/2022\/09\/image-30-933x1024.png 933w, https:\/\/lesateliersderohaire.com\/wp-content\/uploads\/2022\/09\/image-30-273x300.png 273w, https:\/\/lesateliersderohaire.com\/wp-content\/uploads\/2022\/09\/image-30-768x843.png 768w, https:\/\/lesateliersderohaire.com\/wp-content\/uploads\/2022\/09\/image-30-1400x1536.png 1400w, https:\/\/lesateliersderohaire.com\/wp-content\/uploads\/2022\/09\/image-30-1866x2048.png 1866w, https:\/\/lesateliersderohaire.com\/wp-content\/uploads\/2022\/09\/image-30-1568x1721.png 1568w\" sizes=\"auto, (max-width: 933px) 100vw, 933px\" \/><\/figure>\n\n\n\n<figure class=\"wp-block-image size-large is-resized\"><img loading=\"lazy\" decoding=\"async\" width=\"1024\" height=\"768\" data-id=\"109\" src=\"https:\/\/lesateliersderohaire.com\/wp-content\/uploads\/2022\/09\/image-29-1024x768.png\" alt=\"\" class=\"wp-image-109\" style=\"width:281px;height:210px\" srcset=\"https:\/\/lesateliersderohaire.com\/wp-content\/uploads\/2022\/09\/image-29-1024x768.png 1024w, https:\/\/lesateliersderohaire.com\/wp-content\/uploads\/2022\/09\/image-29-300x225.png 300w, https:\/\/lesateliersderohaire.com\/wp-content\/uploads\/2022\/09\/image-29-768x576.png 768w, https:\/\/lesateliersderohaire.com\/wp-content\/uploads\/2022\/09\/image-29-1536x1152.png 1536w, https:\/\/lesateliersderohaire.com\/wp-content\/uploads\/2022\/09\/image-29-2048x1536.png 2048w, https:\/\/lesateliersderohaire.com\/wp-content\/uploads\/2022\/09\/image-29-1568x1176.png 1568w\" sizes=\"auto, (max-width: 1024px) 100vw, 1024px\" \/><\/figure>\n<\/figure>\n\n\n\n<p class=\"has-text-align-center has-extra-large-font-size\"><\/p>\n\n\n\n<p class=\"has-text-align-center has-text-color has-link-color has-extra-large-font-size wp-elements-c675981ac017e8c64ddb55d5dae854b5\" style=\"color:#c1647b\"><strong>Accompagnement<br>professionnel et personnel<\/strong><br><\/p>\n\n\n\n<div class=\"wp-block-group is-horizontal is-content-justification-space-between is-nowrap is-layout-flex wp-container-core-group-is-layout-b493c794 wp-block-group-is-layout-flex\">\n<p class=\"has-large-font-size\"><strong>En pr\u00e9sence ou \u00e0 distance<\/strong><\/p>\n<\/div>\n\n\n\n<p class=\"has-text-align-center has-normal-font-size\"><br><\/p>\n\n\n\n<h2 class=\"wp-block-heading has-red-background-color has-text-color has-background has-link-color has-large-font-size wp-elements-471bc296b8e4b514947bb30aab963709\" style=\"color:#c1647b\"><strong>Connaissance de soi<\/strong><\/h2>\n\n\n\n<p class=\"has-red-color has-text-color has-link-color has-extra-large-font-size wp-elements-1065cf79543010ed1b6bdc4e23c8203a\"><strong>Profil<\/strong> <strong>de<\/strong> <strong>personnalit\u00e9<\/strong><\/p>\n\n\n\n<p><em>De quoi avez-vous besoin pour donner le meilleur de vous-m\u00eame ? Quels sont vos atouts naturels&nbsp;? Comment interagissez-vous avec les autres&nbsp;? Comment les autres peuvent vous percevoir&nbsp;? Quel est votre rapport au temps&nbsp;? Quelles sont vos possibilit\u00e9s de d\u00e9veloppement&nbsp;? Quelle est votre approche du conflit&nbsp;? Comment abordez vous les situations de stress\u2026&nbsp;?<\/em><\/p>\n\n\n\n<p><strong>&#8211; Atelier Niveau 1\u00a0: \u00ab\u00a0D\u00e9couvrir son profil de personnalit\u00e9\u00a0MBTI\u00bb<br>&#8211; Atelier Niveau 2 : \u00ab\u00a0Explorer son profil de personnalit\u00e9 MBTI\u00a0\u00bb<\/strong> <br><br><\/p>\n\n\n\n<ul class=\"wp-block-list\">\n<li class=\"has-red-color has-text-color has-link-color has-extra-large-font-size wp-elements-bb8851b2d1fbb296cd08a53f641b3186\"><strong>Comp\u00e9tences<\/strong><\/li>\n<\/ul>\n\n\n\n<p><em>Quelles sont vos comp\u00e9tences&nbsp;? De quoi parle-t-on exactement&nbsp;? Comment <\/em><em>les valorisez-vous&nbsp;aujourd\u2019hui ?<\/em><em> Quelles sont celles que vous pouvez transf\u00e9rer ? En quoi peuvent-elles contribuer \u00e0 renforcer votre confiance en <\/em><em>vous <\/em><em>?&#8230;<\/em><\/p>\n\n\n\n<p>&#8211;<strong> Atelier niveau 1&nbsp;: \u00ab&nbsp;D\u00e9finir et acqu\u00e9rir une m\u00e9thode de clarification des comp\u00e9tences&nbsp;\u00bb<br>&#8211; Atelier niveau 2 : \u00ab\u00a0Elaborer son portefeuille de comp\u00e9tences\u00a0\u00bb<\/strong><\/p>\n\n\n\n<p><\/p>\n\n\n\n<p><br><\/p>\n\n\n\n<h2 class=\"wp-block-heading has-red-background-color has-text-color has-background has-link-color has-large-font-size wp-elements-e2ef69cfbf0c331b54226fa1b55af4f3\" style=\"color:#c1647b\"><strong>Connaissance \u00e9nerg\u00e9tique d\u2019un lieu (Feng Shui)<\/strong><\/h2>\n\n\n\n<h2 class=\"wp-block-heading has-normal-font-size\"><em>Que ressentez-vous dans votre lieu&nbsp;? Quelles sont vos premi\u00e8res sensations quand vous y rentrez&nbsp;? Diriez-vous que c\u2019est un endroit plut\u00f4t ressour\u00e7ant ou plut\u00f4t qui vous \u00e9puise&nbsp;? Y trouvez-vous facilement votre place&nbsp;? L\u2019ambiance est-elle a votre image&nbsp;? Aimeriez-vous y apporter des transformations&nbsp;? Quels seraient vos besoins&nbsp;?&#8230;<\/em><\/h2>\n\n\n\n<p><\/p>\n\n\n\n<h2 class=\"wp-block-heading has-normal-font-size\">Des ateliers pour poser un autre regard sur son lieu et \u00e9changer \u00e0 partir de th\u00e8mes qui sont impactants sur notre vitalit\u00e9 (le choix de nos am\u00e9nagements int\u00e9rieurs et ext\u00e9rieurs, de notre positionnement, des couleurs choisies, d\u2019\u00e9quilibre entre les mati\u00e8res\u2026)<\/h2>\n\n\n\n<h2 class=\"wp-block-heading has-normal-font-size\">Des ateliers pour acqu\u00e9rir des connaissances, rechercher des solutions et partager ses exp\u00e9riences.<\/h2>\n\n\n\n<p>Des ateliers qui se construisent en fonction de vos besoins.<\/p>\n\n\n\n<p><br><\/p>\n\n\n\n<h2 class=\"wp-block-heading has-red-background-color has-text-color has-background has-link-color has-large-font-size wp-elements-5b9fdd7d809ee34ce41855291da15cc7\" style=\"color:#c1647b\"><strong>Atelier de \u00ab&nbsp;Rohaire+&nbsp;\u00bb<\/strong><\/h2>\n\n\n\n<p>\u00ab&nbsp;Les ateliers de Rohaire+&nbsp;\u00bb c\u2019est aussi un lieu dans lequel d\u2019autres activit\u00e9s se proposent, s\u00e9journent au fil de l\u2019ann\u00e9e.<\/p>\n\n\n\n<p>Si vous souhaitez proposer et animer un th\u00e8me, n\u2019h\u00e9sitez pas \u00e0 me contacter pour en parler&nbsp;!<br><\/p>\n\n\n\n<p class=\"has-text-align-center has-red-background-color has-text-color has-background has-link-color has-large-font-size wp-elements-1d2992405c07b2e5d55b377fc9bbe724\" style=\"color:#c1647b\"><strong>Pour en savoir plus n&rsquo;h\u00e9sitez pas \u00e0 me contacter armelle.vannier@gmail.com<\/strong><\/p>\n\n\n\n<p><\/p>\n","protected":false},"excerpt":{"rendered":"<p>Accompagnementprofessionnel et personnel En pr\u00e9sence ou \u00e0 distance Connaissance de soi Profil de personnalit\u00e9 De quoi avez-vous besoin pour donner le meilleur de vous-m\u00eame ? Quels sont vos atouts naturels&nbsp;? Comment interagissez-vous avec les autres&nbsp;? Comment les autres peuvent vous percevoir&nbsp;? Quel est votre rapport au temps&nbsp;? Quelles sont vos possibilit\u00e9s de d\u00e9veloppement&nbsp;? Quelle est&hellip; <a class=\"more-link\" href=\"https:\/\/lesateliersderohaire.com\/index.php\/les-ateliers\/\">Poursuivre la lecture <span class=\"screen-reader-text\">ACCOMPAGNEMENT THEMATIQUE<\/span><\/a><\/p>\n","protected":false},"author":1,"featured_media":0,"parent":0,"menu_order":4,"comment_status":"closed","ping_status":"closed","template":"","meta":{"footnotes":""},"class_list":["post-119","page","type-page","status-publish","hentry","entry"],"_links":{"self":[{"href":"https:\/\/lesateliersderohaire.com\/index.php\/wp-json\/wp\/v2\/pages\/119","targetHints":{"allow":["GET"]}}],"collection":[{"href":"https:\/\/lesateliersderohaire.com\/index.php\/wp-json\/wp\/v2\/pages"}],"about":[{"href":"https:\/\/lesateliersderohaire.com\/index.php\/wp-json\/wp\/v2\/types\/page"}],"author":[{"embeddable":true,"href":"https:\/\/lesateliersderohaire.com\/index.php\/wp-json\/wp\/v2\/users\/1"}],"replies":[{"embeddable":true,"href":"https:\/\/lesateliersderohaire.com\/index.php\/wp-json\/wp\/v2\/comments?post=119"}],"version-history":[{"count":20,"href":"https:\/\/lesateliersderohaire.com\/index.php\/wp-json\/wp\/v2\/pages\/119\/revisions"}],"predecessor-version":[{"id":449,"href":"https:\/\/lesateliersderohaire.com\/index.php\/wp-json\/wp\/v2\/pages\/119\/revisions\/449"}],"wp:attachment":[{"href":"https:\/\/lesateliersderohaire.com\/index.php\/wp-json\/wp\/v2\/media?parent=119"}],"curies":[{"name":"wp","href":"https:\/\/api.w.org\/{rel}","templated":true}]}}